{"id":1056,"date":"2021-10-07T19:56:24","date_gmt":"2021-10-07T19:56:24","guid":{"rendered":"http:\/\/adsil.com.mx\/site\/?page_id=1056"},"modified":"2021-10-07T19:58:41","modified_gmt":"2021-10-07T19:58:41","slug":"anticorrosivo-de-metales","status":"publish","type":"page","link":"https:\/\/adsil.com.mx\/site\/anticorrosivo-de-metales\/","title":{"rendered":"Anticorrosivo de Metales"},"content":{"rendered":"\t\t<div data-elementor-type=\"wp-page\" data-elementor-id=\"1056\" class=\"elementor elementor-1056\" data-elementor-settings=\"[]\">\n\t\t\t\t\t\t\t<div class=\"elementor-section-wrap\">\n\t\t\t\t\t\t\t<section class=\"elementor-section elementor-top-section elementor-element elementor-element-58fe9a3 elementor-section-content-top elementor-section-boxed elementor-section-height-default elementor-section-height-default\" data-id=\"58fe9a3\" data-element_type=\"section\" data-settings=\"{&quot;background_background&quot;:&quot;classic&quot;}\">\n\t\t\t\t\t\t<div class=\"elementor-container elementor-column-gap-no\">\n\t\t\t\t\t<div class=\"elementor-column elementor-col-100 elementor-top-column elementor-element elementor-element-69b9c7d\" data-id=\"69b9c7d\" data-element_type=\"column\">\n\t\t\t<div class=\"elementor-widget-wrap elementor-element-populated\">\n\t\t\t\t\t\t\t\t<div class=\"elementor-element elementor-element-0778252 elementor-widget elementor-widget-heading\" data-id=\"0778252\" data-element_type=\"widget\" data-widget_type=\"heading.default\">\n\t\t\t\t<div class=\"elementor-widget-container\">\n\t\t\t<h4 class=\"elementor-heading-title elementor-size-default\">Anticorrosivos\nen metales\n<\/h4>\t\t<\/div>\n\t\t\t\t<\/div>\n\t\t\t\t<section class=\"elementor-section elementor-inner-section elementor-element elementor-element-630c20a elementor-section-boxed elementor-section-height-default elementor-section-height-default\" data-id=\"630c20a\" data-element_type=\"section\">\n\t\t\t\t\t\t<div class=\"elementor-container elementor-column-gap-default\">\n\t\t\t\t\t<div class=\"elementor-column elementor-col-50 elementor-inner-column elementor-element elementor-element-f7d259f\" data-id=\"f7d259f\" data-element_type=\"column\">\n\t\t\t<div class=\"elementor-widget-wrap elementor-element-populated\">\n\t\t\t\t\t\t\t\t<div class=\"elementor-element elementor-element-3915cf9 elementor-widget elementor-widget-heading\" data-id=\"3915cf9\" data-element_type=\"widget\" data-widget_type=\"heading.default\">\n\t\t\t\t<div class=\"elementor-widget-container\">\n\t\t\t<h3 class=\"elementor-heading-title elementor-size-default\">CAPA SELLADORA CRISTALINA A NIVEL MOLECULAR<\/h3>\t\t<\/div>\n\t\t\t\t<\/div>\n\t\t\t\t<div class=\"elementor-element elementor-element-0871f26 elementor-widget-divider--view-line elementor-widget elementor-widget-divider\" data-id=\"0871f26\" data-element_type=\"widget\" data-widget_type=\"divider.default\">\n\t\t\t\t<div class=\"elementor-widget-container\">\n\t\t\t\t\t<div class=\"elementor-divider\">\n\t\t\t<span class=\"elementor-divider-separator\">\n\t\t\t\t\t\t<\/span>\n\t\t<\/div>\n\t\t\t\t<\/div>\n\t\t\t\t<\/div>\n\t\t\t\t<div class=\"elementor-element elementor-element-2461042 elementor-widget elementor-widget-heading\" data-id=\"2461042\" data-element_type=\"widget\" data-widget_type=\"heading.default\">\n\t\t\t\t<div class=\"elementor-widget-container\">\n\t\t\t<h3 class=\"elementor-heading-title elementor-size-default\">Ahorro en mantenimiento<\/h3>\t\t<\/div>\n\t\t\t\t<\/div>\n\t\t\t\t<div class=\"elementor-element elementor-element-e4a3379 elementor-widget elementor-widget-text-editor\" data-id=\"e4a3379\" data-element_type=\"widget\" data-widget_type=\"text-editor.default\">\n\t\t\t\t<div class=\"elementor-widget-container\">\n\t\t\t\t\t\t\t<p><span style=\"font-weight: 400;\">Aplicando la capa selladora de ADSIL, ahorrar\u00e1 notablemente en costos de mantenimiento, ya que PROTEGE a sus equipos de corrosi\u00f3n superficies de metal no ferrosas, aleaciones de acero inoxidable, aluminio, cobre o bronce.<\/span><\/p><p><span style=\"font-weight: 400;\">Elimina la necesidad de pulir constantemente los metales, facilita la limpieza y ayuda en la conservaci\u00f3n e imagen de sus superficies.<\/span><\/p>\t\t\t\t\t\t<\/div>\n\t\t\t\t<\/div>\n\t\t\t\t<div class=\"elementor-element elementor-element-c49880e elementor-hidden-desktop elementor-hidden-tablet elementor-widget elementor-widget-image\" data-id=\"c49880e\" data-element_type=\"widget\" data-widget_type=\"image.default\">\n\t\t\t\t<div class=\"elementor-widget-container\">\n\t\t\t\t\t\t\t\t\t\t\t\t\t\t\t<img width=\"390\" height=\"393\" src=\"https:\/\/adsil.com.mx\/site\/wp-content\/uploads\/2014\/06\/anticorrosivos-.png\" class=\"attachment-large size-large\" alt=\"\" loading=\"lazy\" srcset=\"https:\/\/adsil.com.mx\/site\/wp-content\/uploads\/2014\/06\/anticorrosivos-.png 390w, https:\/\/adsil.com.mx\/site\/wp-content\/uploads\/2014\/06\/anticorrosivos--150x150.png 150w, https:\/\/adsil.com.mx\/site\/wp-content\/uploads\/2014\/06\/anticorrosivos--297x300.png 297w\" sizes=\"(max-width: 390px) 100vw, 390px\" \/>\t\t\t\t\t\t\t\t\t\t\t\t\t\t\t<\/div>\n\t\t\t\t<\/div>\n\t\t\t\t<div class=\"elementor-element elementor-element-7c473b7 elementor-widget elementor-widget-heading\" data-id=\"7c473b7\" data-element_type=\"widget\" data-widget_type=\"heading.default\">\n\t\t\t\t<div class=\"elementor-widget-container\">\n\t\t\t<h3 class=\"elementor-heading-title elementor-size-default\">Prolonga y Protege<\/h3>\t\t<\/div>\n\t\t\t\t<\/div>\n\t\t\t\t<div class=\"elementor-element elementor-element-606939f elementor-widget elementor-widget-text-editor\" data-id=\"606939f\" data-element_type=\"widget\" data-widget_type=\"text-editor.default\">\n\t\t\t\t<div class=\"elementor-widget-container\">\n\t\t\t\t\t\t\t<p><span style=\"font-weight: 400;\">ADSIL act\u00faa a largo plazo hasta por 5 a\u00f1os, previniendo el deterioro en metales y protegi\u00e9ndolos de efectos clim\u00e1ticos. ADSIL es sumamente resistente a la degradaci\u00f3n, salinidad, lluvia \u00e1cida y sustancias qu\u00edmicas.<\/span><\/p><p><span style=\"font-weight: 400;\">Adsil se aplica en metales con grandes beneficios y durabilidad que no obtiene con protecci\u00f3n profesional.<\/span><\/p>\t\t\t\t\t\t<\/div>\n\t\t\t\t<\/div>\n\t\t\t\t\t<\/div>\n\t\t<\/div>\n\t\t\t\t<div class=\"elementor-column elementor-col-50 elementor-inner-column elementor-element elementor-element-d62c5b9\" data-id=\"d62c5b9\" data-element_type=\"column\">\n\t\t\t<div class=\"elementor-widget-wrap elementor-element-populated\">\n\t\t\t\t\t\t\t\t<div class=\"elementor-element elementor-element-36ddce9 elementor-hidden-mobile elementor-widget elementor-widget-image\" data-id=\"36ddce9\" data-element_type=\"widget\" data-widget_type=\"image.default\">\n\t\t\t\t<div class=\"elementor-widget-container\">\n\t\t\t\t\t\t\t\t\t\t\t\t\t\t\t<img width=\"390\" height=\"393\" src=\"https:\/\/adsil.com.mx\/site\/wp-content\/uploads\/2014\/06\/anticorrosivos-.png\" class=\"attachment-large size-large\" alt=\"\" loading=\"lazy\" srcset=\"https:\/\/adsil.com.mx\/site\/wp-content\/uploads\/2014\/06\/anticorrosivos-.png 390w, https:\/\/adsil.com.mx\/site\/wp-content\/uploads\/2014\/06\/anticorrosivos--150x150.png 150w, https:\/\/adsil.com.mx\/site\/wp-content\/uploads\/2014\/06\/anticorrosivos--297x300.png 297w\" sizes=\"(max-width: 390px) 100vw, 390px\" \/>\t\t\t\t\t\t\t\t\t\t\t\t\t\t\t<\/div>\n\t\t\t\t<\/div>\n\t\t\t\t<div class=\"elementor-element elementor-element-0dd42a3 elementor-skin-carousel elementor-widget elementor-widget-media-carousel\" data-id=\"0dd42a3\" data-element_type=\"widget\" data-settings=\"{&quot;slides_per_view&quot;:&quot;1&quot;,&quot;slides_to_scroll&quot;:&quot;1&quot;,&quot;skin&quot;:&quot;carousel&quot;,&quot;effect&quot;:&quot;slide&quot;,&quot;speed&quot;:500,&quot;autoplay&quot;:&quot;yes&quot;,&quot;autoplay_speed&quot;:5000,&quot;loop&quot;:&quot;yes&quot;,&quot;pause_on_hover&quot;:&quot;yes&quot;,&quot;pause_on_interaction&quot;:&quot;yes&quot;,&quot;space_between&quot;:{&quot;unit&quot;:&quot;px&quot;,&quot;size&quot;:10,&quot;sizes&quot;:[]},&quot;space_between_tablet&quot;:{&quot;unit&quot;:&quot;px&quot;,&quot;size&quot;:10,&quot;sizes&quot;:[]},&quot;space_between_mobile&quot;:{&quot;unit&quot;:&quot;px&quot;,&quot;size&quot;:10,&quot;sizes&quot;:[]}}\" data-widget_type=\"media-carousel.default\">\n\t\t\t\t<div class=\"elementor-widget-container\">\n\t\t\t\t\t<div class=\"elementor-swiper\">\n\t\t\t<div class=\"elementor-main-swiper swiper-container\">\n\t\t\t\t<div class=\"swiper-wrapper\">\n\t\t\t\t\t\t\t\t\t\t\t<div class=\"swiper-slide\">\n\t\t\t\t\t\t\t\t\t<div class=\"elementor-carousel-image\" style=\"background-image: url(https:\/\/adsil.com.mx\/site\/wp-content\/uploads\/2021\/10\/16.jpg)\">\n\t\t\t\t\t<\/div>\n\t\t\t\t\t\t\t\t<\/div>\n\t\t\t\t\t\t\t\t\t\t\t<div class=\"swiper-slide\">\n\t\t\t\t\t\t\t\t\t<div class=\"elementor-carousel-image\" style=\"background-image: url(https:\/\/adsil.com.mx\/site\/wp-content\/uploads\/2021\/10\/17.jpg)\">\n\t\t\t\t\t<\/div>\n\t\t\t\t\t\t\t\t<\/div>\n\t\t\t\t\t\t\t\t\t\t\t<div class=\"swiper-slide\">\n\t\t\t\t\t\t\t\t\t<div class=\"elementor-carousel-image\" style=\"background-image: url(https:\/\/adsil.com.mx\/site\/wp-content\/uploads\/2021\/10\/18.jpg)\">\n\t\t\t\t\t<\/div>\n\t\t\t\t\t\t\t\t<\/div>\n\t\t\t\t\t\t\t\t\t<\/div>\n\t\t\t\t\t\t\t\t\t\t\t\t\t\t\t\t\t\t\t\t\t<\/div>\n\t\t<\/div>\n\t\t\t\t<\/div>\n\t\t\t\t<\/div>\n\t\t\t\t\t<\/div>\n\t\t<\/div>\n\t\t\t\t\t\t\t<\/div>\n\t\t<\/section>\n\t\t\t\t<div class=\"elementor-element elementor-element-4143951 elementor-widget elementor-widget-spacer\" data-id=\"4143951\" data-element_type=\"widget\" data-widget_type=\"spacer.default\">\n\t\t\t\t<div class=\"elementor-widget-container\">\n\t\t\t\t\t<div class=\"elementor-spacer\">\n\t\t\t<div class=\"elementor-spacer-inner\"><\/div>\n\t\t<\/div>\n\t\t\t\t<\/div>\n\t\t\t\t<\/div>\n\t\t\t\t\t<\/div>\n\t\t<\/div>\n\t\t\t\t\t\t\t<\/div>\n\t\t<\/section>\n\t\t\t\t\t\t<\/div>\n\t\t\t\t\t<\/div>\n\t\t","protected":false},"excerpt":{"rendered":"<p>Anticorrosivos en metales CAPA SELLADORA CRISTALINA A NIVEL MOLECULAR Ahorro en mantenimiento Aplicando la capa selladora de ADSIL, ahorrar\u00e1 notablemente en costos de mantenimiento, ya que PROTEGE a sus equipos de corrosi\u00f3n superficies de metal no ferrosas, aleaciones de acero inoxidable, aluminio, cobre o bronce. Elimina la necesidad de pulir constantemente los metales, facilita la [&hellip;]<\/p>\n","protected":false},"author":1,"featured_media":0,"parent":0,"menu_order":0,"comment_status":"closed","ping_status":"closed","template":"elementor_header_footer","meta":[],"_links":{"self":[{"href":"https:\/\/adsil.com.mx\/site\/wp-json\/wp\/v2\/pages\/1056"}],"collection":[{"href":"https:\/\/adsil.com.mx\/site\/wp-json\/wp\/v2\/pages"}],"about":[{"href":"https:\/\/adsil.com.mx\/site\/wp-json\/wp\/v2\/types\/page"}],"author":[{"embeddable":true,"href":"https:\/\/adsil.com.mx\/site\/wp-json\/wp\/v2\/users\/1"}],"replies":[{"embeddable":true,"href":"https:\/\/adsil.com.mx\/site\/wp-json\/wp\/v2\/comments?post=1056"}],"version-history":[{"count":7,"href":"https:\/\/adsil.com.mx\/site\/wp-json\/wp\/v2\/pages\/1056\/revisions"}],"predecessor-version":[{"id":1064,"href":"https:\/\/adsil.com.mx\/site\/wp-json\/wp\/v2\/pages\/1056\/revisions\/1064"}],"wp:attachment":[{"href":"https:\/\/adsil.com.mx\/site\/wp-json\/wp\/v2\/media?parent=1056"}],"curies":[{"name":"wp","href":"https:\/\/api.w.org\/{rel}","templated":true}]}}