{"id":826,"date":"2021-10-03T21:53:34","date_gmt":"2021-10-03T21:53:34","guid":{"rendered":"http:\/\/adsil.com.mx\/site\/?page_id=826"},"modified":"2024-03-15T14:51:37","modified_gmt":"2024-03-15T14:51:37","slug":"casos-de-exito-2","status":"publish","type":"page","link":"https:\/\/adsil.com.mx\/site\/casos-de-exito-2\/","title":{"rendered":"Caso de \u00e9xito"},"content":{"rendered":"\t\t<div data-elementor-type=\"wp-page\" data-elementor-id=\"826\" class=\"elementor elementor-826\" data-elementor-settings=\"[]\">\n\t\t\t\t\t\t\t<div class=\"elementor-section-wrap\">\n\t\t\t\t\t\t\t<section class=\"elementor-section elementor-top-section elementor-element elementor-element-29710cb7 elementor-section-height-min-height elementor-section-content-middle elementor-section-boxed elementor-section-height-default elementor-section-items-middle\" data-id=\"29710cb7\" data-element_type=\"section\" data-settings=\"{&quot;background_background&quot;:&quot;classic&quot;}\">\n\t\t\t\t\t\t\t<div class=\"elementor-background-overlay\"><\/div>\n\t\t\t\t\t\t\t<div class=\"elementor-container elementor-column-gap-no\">\n\t\t\t\t\t<div class=\"elementor-column elementor-col-100 elementor-top-column elementor-element elementor-element-5eb8ff64\" data-id=\"5eb8ff64\" data-element_type=\"column\">\n\t\t\t<div class=\"elementor-widget-wrap elementor-element-populated\">\n\t\t\t\t\t\t\t\t<div class=\"elementor-element elementor-element-8b2756b elementor-widget elementor-widget-heading\" data-id=\"8b2756b\" data-element_type=\"widget\" data-widget_type=\"heading.default\">\n\t\t\t\t<div class=\"elementor-widget-container\">\n\t\t\t<h2 class=\"elementor-heading-title elementor-size-default\">Adsil reduce la oxidaci\u00f3n y mejora el rendimiento de sus equipos contribuyendo al cuidado del medio ambiente<\/h2>\t\t<\/div>\n\t\t\t\t<\/div>\n\t\t\t\t<div class=\"elementor-element elementor-element-371cea8a elementor-headline--style-rotate elementor-widget elementor-widget-animated-headline\" data-id=\"371cea8a\" data-element_type=\"widget\" data-settings=\"{&quot;headline_style&quot;:&quot;rotate&quot;,&quot;animation_type&quot;:&quot;slide&quot;,&quot;rotating_text&quot;:&quot;Reduce el impacto ambiental\\nAlarga la vida de tus equipos\\nMejora el aspecto y el brillo\\nIdeal para aires acondicionados&quot;,&quot;loop&quot;:&quot;yes&quot;,&quot;rotate_iteration_delay&quot;:2500}\" data-widget_type=\"animated-headline.default\">\n\t\t\t\t<div class=\"elementor-widget-container\">\n\t\t\t\t\t<h2 class=\"elementor-headline elementor-headline-animation-type-slide\">\n\t\t\t\t<span class=\"elementor-headline-dynamic-wrapper elementor-headline-text-wrapper\">\n\t\t\t\t\t<span class=\"elementor-headline-dynamic-text elementor-headline-text-active\">\n\t\t\t\tReduce&nbsp;el&nbsp;impacto&nbsp;ambiental\t\t\t<\/span>\n\t\t\t\t\t<span class=\"elementor-headline-dynamic-text \">\n\t\t\t\tAlarga&nbsp;la&nbsp;vida&nbsp;de&nbsp;tus&nbsp;equipos\t\t\t<\/span>\n\t\t\t\t\t<span class=\"elementor-headline-dynamic-text \">\n\t\t\t\tMejora&nbsp;el&nbsp;aspecto&nbsp;y&nbsp;el&nbsp;brillo\t\t\t<\/span>\n\t\t\t\t\t<span class=\"elementor-headline-dynamic-text \">\n\t\t\t\tIdeal&nbsp;para&nbsp;aires&nbsp;acondicionados\t\t\t<\/span>\n\t\t\t\t\t\t<\/span>\n\t\t\t\t<\/h2>\n\t\t\t\t<\/div>\n\t\t\t\t<\/div>\n\t\t\t\t\t<\/div>\n\t\t<\/div>\n\t\t\t\t\t\t\t<\/div>\n\t\t<\/section>\n\t\t\t\t<section class=\"elementor-section elementor-top-section elementor-element elementor-element-30f9a97b elementor-section-content-middle elementor-section-boxed elementor-section-height-default elementor-section-height-default\" data-id=\"30f9a97b\" data-element_type=\"section\">\n\t\t\t\t\t\t\t<div class=\"elementor-background-overlay\"><\/div>\n\t\t\t\t\t\t\t<div class=\"elementor-container elementor-column-gap-no\">\n\t\t\t\t\t<div class=\"elementor-column elementor-col-100 elementor-top-column elementor-element elementor-element-c85c94b\" data-id=\"c85c94b\" data-element_type=\"column\">\n\t\t\t<div class=\"elementor-widget-wrap elementor-element-populated\">\n\t\t\t\t\t\t\t\t<div class=\"elementor-element elementor-element-28fc3dbe elementor-view-default elementor-vertical-align-top elementor-widget elementor-widget-icon-box\" data-id=\"28fc3dbe\" data-element_type=\"widget\" data-widget_type=\"icon-box.default\">\n\t\t\t\t<div class=\"elementor-widget-container\">\n\t\t\t\t\t<div class=\"elementor-icon-box-wrapper\">\n\t\t\t\t\t\t<div class=\"elementor-icon-box-content\">\n\t\t\t\t<h4 class=\"elementor-icon-box-title\">\n\t\t\t\t\t<span  >\n\t\t\t\t\t\tRESULTADOS \u00d3PTIMOS EN COSTO BENEFICIO\t\t\t\t\t<\/span>\n\t\t\t\t<\/h4>\n\t\t\t\t\t\t\t\t\t<p class=\"elementor-icon-box-description\">\n\t\t\t\t\t\tCaso de \u00e9xito\t\t\t\t\t<\/p>\n\t\t\t\t\t\t\t<\/div>\n\t\t<\/div>\n\t\t\t\t<\/div>\n\t\t\t\t<\/div>\n\t\t\t\t<div class=\"elementor-element elementor-element-e321322 elementor-widget elementor-widget-image\" data-id=\"e321322\" data-element_type=\"widget\" data-widget_type=\"image.default\">\n\t\t\t\t<div class=\"elementor-widget-container\">\n\t\t\t\t\t\t\t\t\t\t\t\t\t\t\t<img src=\"https:\/\/adsil.com.mx\/site\/wp-content\/uploads\/2021\/10\/21.jpg\" title=\"21\" alt=\"21\" \/>\t\t\t\t\t\t\t\t\t\t\t\t\t\t\t<\/div>\n\t\t\t\t<\/div>\n\t\t\t\t<div class=\"elementor-element elementor-element-69788bf6 elementor-widget elementor-widget-text-editor\" data-id=\"69788bf6\" data-element_type=\"widget\" data-widget_type=\"text-editor.default\">\n\t\t\t\t<div class=\"elementor-widget-container\">\n\t\t\t\t\t\t\t<p><span style=\"font-weight: 400;\">Una empresa localizada en San Diego California gastaba en reemplazar sus radiadores <\/span><span style=\"font-weight: 400;\">alrededor de <strong>$180,000,00 d\u00f3lares anuales. <\/strong><\/span><span style=\"font-weight: 400;\">El presupuesto asignado por Adsil fue: <\/span><strong>Limpieza y aplicaci\u00f3n $13,500,00 d\u00f3lares. <\/strong><span style=\"font-weight: 400;\">Los indicadores de fluidez del aire se\u00f1alaran un 30% mas de fluidez del aire a trav\u00e9s de las espirales, alargando la vida del sistema de aire acondicionado.<\/span><\/p><p><span style=\"font-weight: 400;\">Bajo las mismas condiciones ambientales del sistema, uno de los <\/span><span style=\"font-weight: 400;\">compresores de cada unidad trabajaba tiempo completo antes de la aplicaci\u00f3n.<\/span><\/p><p><span style=\"font-weight: 400;\">Despu\u00e9s de la aplicaci\u00f3n los compresores <strong>trabajaron un 25% menos.<\/strong><\/span><\/p>\t\t\t\t\t\t<\/div>\n\t\t\t\t<\/div>\n\t\t\t\t<div class=\"elementor-element elementor-element-529c069 elementor-align-center elementor-hidden-mobile elementor-widget elementor-widget-button\" data-id=\"529c069\" data-element_type=\"widget\" data-widget_type=\"button.default\">\n\t\t\t\t<div class=\"elementor-widget-container\">\n\t\t\t\t\t<div class=\"elementor-button-wrapper\">\n\t\t\t<a href=\"https:\/\/api.whatsapp.com\/send?phone=+525510137273&#038;text=Saludos,%20quisiera%20mas%20informaci%C3%B3n%20sobre%20Adsil.%20Los%20conoc%C3%AD%20a%20traves%20de%20su%20P%C3%A1gina%20Web.\" target=\"_blank\" class=\"elementor-button-link elementor-button elementor-size-lg\" role=\"button\">\n\t\t\t\t\t\t<span class=\"elementor-button-content-wrapper\">\n\t\t\t\t\t\t<span class=\"elementor-button-text\">Cont\u00e1canos para mayor informaci\u00f3n<\/span>\n\t\t<\/span>\n\t\t\t\t\t<\/a>\n\t\t<\/div>\n\t\t\t\t<\/div>\n\t\t\t\t<\/div>\n\t\t\t\t<div class=\"elementor-element elementor-element-9e2ea19 elementor-align-center elementor-hidden-desktop elementor-hidden-tablet elementor-widget elementor-widget-button\" data-id=\"9e2ea19\" data-element_type=\"widget\" data-widget_type=\"button.default\">\n\t\t\t\t<div class=\"elementor-widget-container\">\n\t\t\t\t\t<div class=\"elementor-button-wrapper\">\n\t\t\t<a href=\"https:\/\/api.whatsapp.com\/send?phone=+524422500329&#038;text=Saludos,%20quisiera%20mas%20informaci%C3%B3n%20sobre%20Adsil.%20Los%20conoc%C3%AD%20a%20traves%20de%20su%20P%C3%A1gina%20Web.\" class=\"elementor-button-link elementor-button elementor-size-sm\" role=\"button\">\n\t\t\t\t\t\t<span class=\"elementor-button-content-wrapper\">\n\t\t\t\t\t\t<span class=\"elementor-button-text\">Cont\u00e1canos para mayor informaci\u00f3n<\/span>\n\t\t<\/span>\n\t\t\t\t\t<\/a>\n\t\t<\/div>\n\t\t\t\t<\/div>\n\t\t\t\t<\/div>\n\t\t\t\t\t<\/div>\n\t\t<\/div>\n\t\t\t\t\t\t\t<\/div>\n\t\t<\/section>\n\t\t\t\t\t\t<\/div>\n\t\t\t\t\t<\/div>\n\t\t","protected":false},"excerpt":{"rendered":"<p>Adsil reduce la oxidaci\u00f3n y mejora el rendimiento de sus equipos contribuyendo al cuidado del medio ambiente Reduce&nbsp;el&nbsp;impacto&nbsp;ambiental Alarga&nbsp;la&nbsp;vida&nbsp;de&nbsp;tus&nbsp;equipos Mejora&nbsp;el&nbsp;aspecto&nbsp;y&nbsp;el&nbsp;brillo Ideal&nbsp;para&nbsp;aires&nbsp;acondicionados RESULTADOS \u00d3PTIMOS EN COSTO BENEFICIO Caso de \u00e9xito Una empresa localizada en San Diego California gastaba en reemplazar sus radiadores alrededor de $180,000,00 d\u00f3lares anuales. El presupuesto asignado por Adsil fue: Limpieza y aplicaci\u00f3n [&hellip;]<\/p>\n","protected":false},"author":1,"featured_media":0,"parent":0,"menu_order":0,"comment_status":"closed","ping_status":"closed","template":"elementor_header_footer","meta":[],"_links":{"self":[{"href":"https:\/\/adsil.com.mx\/site\/wp-json\/wp\/v2\/pages\/826"}],"collection":[{"href":"https:\/\/adsil.com.mx\/site\/wp-json\/wp\/v2\/pages"}],"about":[{"href":"https:\/\/adsil.com.mx\/site\/wp-json\/wp\/v2\/types\/page"}],"author":[{"embeddable":true,"href":"https:\/\/adsil.com.mx\/site\/wp-json\/wp\/v2\/users\/1"}],"replies":[{"embeddable":true,"href":"https:\/\/adsil.com.mx\/site\/wp-json\/wp\/v2\/comments?post=826"}],"version-history":[{"count":35,"href":"https:\/\/adsil.com.mx\/site\/wp-json\/wp\/v2\/pages\/826\/revisions"}],"predecessor-version":[{"id":1267,"href":"https:\/\/adsil.com.mx\/site\/wp-json\/wp\/v2\/pages\/826\/revisions\/1267"}],"wp:attachment":[{"href":"https:\/\/adsil.com.mx\/site\/wp-json\/wp\/v2\/media?parent=826"}],"curies":[{"name":"wp","href":"https:\/\/api.w.org\/{rel}","templated":true}]}}